{"id":994001,"date":"2024-06-12T18:47:26","date_gmt":"2024-06-12T18:47:26","guid":{"rendered":"https:\/\/zamorano.edu\/?page_id=994001"},"modified":"2024-07-16T23:11:12","modified_gmt":"2024-07-16T23:11:12","slug":"informes-anuales","status":"publish","type":"page","link":"https:\/\/zamorano.edu\/en\/informes-anuales\/","title":{"rendered":"Annual report"},"content":{"rendered":"<div data-elementor-type=\"wp-page\" data-elementor-id=\"994001\" class=\"elementor elementor-994001\" data-elementor-post-type=\"page\">\n\t\t\t\t\t\t<section class=\"elementor-section elementor-top-section elementor-element elementor-element-6afb74c8 elementor-section-height-min-height elementor-section-boxed elementor-section-height-default elementor-section-items-middle\" data-id=\"6afb74c8\" data-element_type=\"section\" data-settings=\"{&quot;background_background&quot;:&quot;classic&quot;}\">\n\t\t\t\t\t\t\t<div class=\"elementor-background-overlay\"><\/div>\n\t\t\t\t\t\t\t<div class=\"elementor-container elementor-column-gap-default\">\n\t\t\t\t\t<div class=\"elementor-column elementor-col-100 elementor-top-column elementor-element elementor-element-7799d761\" data-id=\"7799d761\" data-element_type=\"column\" data-settings=\"{&quot;background_background&quot;:&quot;classic&quot;}\">\n\t\t\t<div class=\"elementor-widget-wrap\">\n\t\t\t\t\t\t\t<\/div>\n\t\t<\/div>\n\t\t\t\t\t<\/div>\n\t\t<\/section>\n\t\t\t\t<section class=\"elementor-section elementor-top-section elementor-element elementor-element-6a0129c elementor-section-boxed elementor-section-height-default elementor-section-height-default\" data-id=\"6a0129c\" data-element_type=\"section\">\n\t\t\t\t\t\t<div class=\"elementor-container elementor-column-gap-no\">\n\t\t\t\t\t<div class=\"elementor-column elementor-col-50 elementor-top-column elementor-element elementor-element-510164d animated-fast elementor-invisible\" data-id=\"510164d\" data-element_type=\"column\" data-settings=\"{&quot;background_background&quot;:&quot;classic&quot;,&quot;animation&quot;:&quot;fadeIn&quot;,&quot;animation_tablet&quot;:&quot;none&quot;,&quot;animation_mobile&quot;:&quot;none&quot;,&quot;animation_delay&quot;:100}\">\n\t\t\t<div class=\"elementor-widget-wrap elementor-element-populated\">\n\t\t\t\t\t\t\t<\/div>\n\t\t<\/div>\n\t\t\t\t<div class=\"elementor-column elementor-col-50 elementor-top-column elementor-element elementor-element-6c02700 elementor-hidden-desktop elementor-hidden-tablet elementor-hidden-phone\" data-id=\"6c02700\" data-element_type=\"column\">\n\t\t\t<div class=\"elementor-widget-wrap\">\n\t\t\t\t\t\t\t<\/div>\n\t\t<\/div>\n\t\t\t\t\t<\/div>\n\t\t<\/section>\n\t\t<div class=\"elementor-element elementor-element-2f2c063 elementor-hidden-tablet elementor-hidden-mobile e-flex e-con-boxed e-con e-parent\" data-id=\"2f2c063\" data-element_type=\"container\">\n\t\t\t\t\t<div class=\"e-con-inner\">\n\t\t\t\t\t<\/div>\n\t\t\t\t<\/div>\n\t\t\t\t<section class=\"elementor-section elementor-top-section elementor-element elementor-element-89fcbce elementor-hidden-tablet elementor-hidden-mobile elementor-section-boxed elementor-section-height-default elementor-section-height-default\" data-id=\"89fcbce\" data-element_type=\"section\">\n\t\t\t\t\t\t<div class=\"elementor-container elementor-column-gap-no\">\n\t\t\t\t\t<div class=\"elementor-column elementor-col-66 elementor-top-column elementor-element elementor-element-7a7ec1f\" data-id=\"7a7ec1f\" data-element_type=\"column\">\n\t\t\t<div class=\"elementor-widget-wrap elementor-element-populated\">\n\t\t\t\t\t\t<div class=\"elementor-element elementor-element-2341c1a elementor-widget elementor-widget-text-editor\" data-id=\"2341c1a\" data-element_type=\"widget\" data-widget_type=\"text-editor.default\">\n\t\t\t\t<div class=\"elementor-widget-container\">\n\t\t\t\t\t\t\t\t\t<p><embed src=\"https:\/\/zamorano.edu\/wp-content\/uploads\/2024\/06\/INFORME-ANUAL-2023.pdf\" type=\"application\/pdf\" width=\"100%\" height=\"600px\"><\/embed><\/p><p>\u00a0<\/p><p><embed src=\"https:\/\/zamorano.edu\/wp-content\/uploads\/2024\/06\/INFORME-ANUAL-2022-14_compressed.pdf\" type=\"application\/pdf\" width=\"100%\" height=\"600px\"><\/embed><\/p><p>\u00a0<\/p><p><embed src=\"https:\/\/zamorano.edu\/wp-content\/uploads\/2024\/06\/Informe-Anual-2021-41_compressed.pdf\" type=\"application\/pdf\" width=\"100%\" height=\"600px\"><\/embed><\/p><p>\u00a0<\/p><p><embed src=\"https:\/\/zamorano.edu\/wp-content\/uploads\/2024\/06\/Informe-anual-2020.pdf\" type=\"application\/pdf\" width=\"100%\" height=\"600px\"><\/embed><\/p><p>\u00a0<\/p><p><embed src=\"https:\/\/zamorano.edu\/wp-content\/uploads\/2024\/06\/Informe-Anual-2019.pdf\" type=\"application\/pdf\" width=\"100%\" height=\"600px\"><\/embed><\/p><p>\u00a0<\/p><p><embed src=\"https:\/\/zamorano.edu\/wp-content\/uploads\/2024\/06\/Informe-Anual-2018-11_compressed.pdf\" type=\"application\/pdf\" width=\"100%\" height=\"600px\"><\/embed><\/p><p>\u00a0<\/p><p><embed src=\"https:\/\/zamorano.edu\/wp-content\/uploads\/2024\/06\/Informe-Anual-2017-8_compressed.pdf\" type=\"application\/pdf\" width=\"100%\" height=\"600px\"><\/embed><\/p><p>\u00a0<\/p><p><embed src=\"https:\/\/zamorano.edu\/wp-content\/uploads\/2024\/06\/Informe-Anual-2016.pdf\" type=\"application\/pdf\" width=\"100%\" height=\"600px\"><\/embed><\/p><p>\u00a0<\/p><p><embed src=\"https:\/\/zamorano.edu\/wp-content\/uploads\/2024\/06\/Informe-Anual-2015.pdf\" type=\"application\/pdf\" width=\"100%\" height=\"600px\"><\/embed><\/p><p>\u00a0<\/p>\t\t\t\t\t\t\t\t<\/div>\n\t\t\t\t<\/div>\n\t\t\t\t\t<\/div>\n\t\t<\/div>\n\t\t\t\t<div class=\"elementor-column elementor-col-33 elementor-top-column elementor-element elementor-element-9860358\" data-id=\"9860358\" data-element_type=\"column\">\n\t\t\t<div class=\"elementor-widget-wrap\">\n\t\t\t\t\t\t\t<\/div>\n\t\t<\/div>\n\t\t\t\t\t<\/div>\n\t\t<\/section>\n\t\t<div class=\"elementor-element elementor-element-ea34dea elementor-hidden-desktop e-flex e-con-boxed e-con e-parent\" data-id=\"ea34dea\" data-element_type=\"container\">\n\t\t\t\t\t<div class=\"e-con-inner\">\n\t\t<div class=\"elementor-element elementor-element-449fb58 e-con-full e-flex e-con e-child\" data-id=\"449fb58\" data-element_type=\"container\">\n\t\t\t\t<div class=\"elementor-element elementor-element-1c1882e elementor-widget elementor-widget-image\" data-id=\"1c1882e\" data-element_type=\"widget\" data-widget_type=\"image.default\">\n\t\t\t\t<div class=\"elementor-widget-container\">\n\t\t\t\t\t\t\t\t\t\t\t\t\t\t\t<img fetchpriority=\"high\" decoding=\"async\" width=\"505\" height=\"656\" src=\"https:\/\/zamorano.edu\/wp-content\/uploads\/2024\/07\/Informe2023-movil.png\" class=\"attachment-large size-large wp-image-995172\" alt=\"\" srcset=\"https:\/\/zamorano.edu\/wp-content\/uploads\/2024\/07\/Informe2023-movil.png 505w, https:\/\/zamorano.edu\/wp-content\/uploads\/2024\/07\/Informe2023-movil-231x300.png 231w, https:\/\/zamorano.edu\/wp-content\/uploads\/2024\/07\/Informe2023-movil-9x12.png 9w\" sizes=\"(max-width: 505px) 100vw, 505px\" \/>\t\t\t\t\t\t\t\t\t\t\t\t\t\t\t<\/div>\n\t\t\t\t<\/div>\n\t\t\t\t<\/div>\n\t\t\t\t<div class=\"elementor-element elementor-element-4161128 elementor-widget elementor-widget-text-editor\" data-id=\"4161128\" data-element_type=\"widget\" data-widget_type=\"text-editor.default\">\n\t\t\t\t<div class=\"elementor-widget-container\">\n\t\t\t\t\t\t\t\t\t<p><strong>Download our 2023 Report in Spanish <a href=\"https:\/\/zamorano.edu\/wp-content\/uploads\/2024\/06\/INFORME-ANUAL-2023.pdf\" target=\"_blank\" rel=\"noopener\">here<\/a>.<\/strong><\/p>\t\t\t\t\t\t\t\t<\/div>\n\t\t\t\t<\/div>\n\t\t\t\t\t<\/div>\n\t\t\t\t<\/div>\n\t\t<div class=\"elementor-element elementor-element-ac591ca elementor-hidden-desktop e-flex e-con-boxed e-con e-parent\" data-id=\"ac591ca\" data-element_type=\"container\">\n\t\t\t\t\t<div class=\"e-con-inner\">\n\t\t<div class=\"elementor-element elementor-element-62b81fb e-con-full e-flex e-con e-child\" data-id=\"62b81fb\" data-element_type=\"container\">\n\t\t\t\t<div class=\"elementor-element elementor-element-ff68e46 elementor-widget elementor-widget-image\" data-id=\"ff68e46\" data-element_type=\"widget\" data-widget_type=\"image.default\">\n\t\t\t\t<div class=\"elementor-widget-container\">\n\t\t\t\t\t\t\t\t\t\t\t\t\t\t\t<img decoding=\"async\" width=\"510\" height=\"662\" src=\"https:\/\/zamorano.edu\/wp-content\/uploads\/2024\/07\/info2022.png\" class=\"attachment-large size-large wp-image-995101\" alt=\"\" srcset=\"https:\/\/zamorano.edu\/wp-content\/uploads\/2024\/07\/info2022.png 510w, https:\/\/zamorano.edu\/wp-content\/uploads\/2024\/07\/info2022-231x300.png 231w, https:\/\/zamorano.edu\/wp-content\/uploads\/2024\/07\/info2022-9x12.png 9w\" sizes=\"(max-width: 510px) 100vw, 510px\" \/>\t\t\t\t\t\t\t\t\t\t\t\t\t\t\t<\/div>\n\t\t\t\t<\/div>\n\t\t\t\t<\/div>\n\t\t\t\t<div class=\"elementor-element elementor-element-d3a8ffa elementor-widget elementor-widget-text-editor\" data-id=\"d3a8ffa\" data-element_type=\"widget\" data-widget_type=\"text-editor.default\">\n\t\t\t\t<div class=\"elementor-widget-container\">\n\t\t\t\t\t\t\t\t\t<p><strong>Download our 2022 Report in Spanish <a href=\"https:\/\/zamorano.edu\/wp-content\/uploads\/2024\/06\/INFORME-ANUAL-2022-14_compressed.pdf\" target=\"_blank\" rel=\"noopener\">here<\/a>.<\/strong><\/p>\t\t\t\t\t\t\t\t<\/div>\n\t\t\t\t<\/div>\n\t\t\t\t\t<\/div>\n\t\t\t\t<\/div>\n\t\t<div class=\"elementor-element elementor-element-24a15e0 elementor-hidden-desktop e-flex e-con-boxed e-con e-parent\" data-id=\"24a15e0\" data-element_type=\"container\">\n\t\t\t\t\t<div class=\"e-con-inner\">\n\t\t<div class=\"elementor-element elementor-element-a613c76 e-con-full e-flex e-con e-child\" data-id=\"a613c76\" data-element_type=\"container\">\n\t\t\t\t<div class=\"elementor-element elementor-element-4bc53f9 elementor-widget elementor-widget-image\" data-id=\"4bc53f9\" data-element_type=\"widget\" data-widget_type=\"image.default\">\n\t\t\t\t<div class=\"elementor-widget-container\">\n\t\t\t\t\t\t\t\t\t\t\t\t\t\t\t<img decoding=\"async\" width=\"593\" height=\"654\" src=\"https:\/\/zamorano.edu\/wp-content\/uploads\/2024\/07\/informe_2021_movil.png\" class=\"attachment-large size-large wp-image-995102\" alt=\"\" srcset=\"https:\/\/zamorano.edu\/wp-content\/uploads\/2024\/07\/informe_2021_movil.png 593w, https:\/\/zamorano.edu\/wp-content\/uploads\/2024\/07\/informe_2021_movil-272x300.png 272w, https:\/\/zamorano.edu\/wp-content\/uploads\/2024\/07\/informe_2021_movil-11x12.png 11w\" sizes=\"(max-width: 593px) 100vw, 593px\" \/>\t\t\t\t\t\t\t\t\t\t\t\t\t\t\t<\/div>\n\t\t\t\t<\/div>\n\t\t\t\t<div class=\"elementor-element elementor-element-bdb0e80 elementor-widget elementor-widget-text-editor\" data-id=\"bdb0e80\" data-element_type=\"widget\" data-widget_type=\"text-editor.default\">\n\t\t\t\t<div class=\"elementor-widget-container\">\n\t\t\t\t\t\t\t\t\t<p><strong>Download our 2021 Report in Spanish <a href=\"https:\/\/zamorano.edu\/wp-content\/uploads\/2024\/06\/Informe-Anual-2021-41_compressed.pdf\" target=\"_blank\" rel=\"noopener\">here<\/a>.<\/strong><\/p>\t\t\t\t\t\t\t\t<\/div>\n\t\t\t\t<\/div>\n\t\t\t\t<\/div>\n\t\t\t\t\t<\/div>\n\t\t\t\t<\/div>\n\t\t<div class=\"elementor-element elementor-element-fd54521 elementor-hidden-desktop e-flex e-con-boxed e-con e-parent\" data-id=\"fd54521\" data-element_type=\"container\">\n\t\t\t\t\t<div class=\"e-con-inner\">\n\t\t<div class=\"elementor-element elementor-element-936e478 e-con-full e-flex e-con e-child\" data-id=\"936e478\" data-element_type=\"container\">\n\t\t\t\t<div class=\"elementor-element elementor-element-899e37c elementor-widget elementor-widget-image\" data-id=\"899e37c\" data-element_type=\"widget\" data-widget_type=\"image.default\">\n\t\t\t\t<div class=\"elementor-widget-container\">\n\t\t\t\t\t\t\t\t\t\t\t\t\t\t\t<img loading=\"lazy\" decoding=\"async\" width=\"506\" height=\"655\" src=\"https:\/\/zamorano.edu\/wp-content\/uploads\/2024\/07\/informe_2020_movil.png\" class=\"attachment-large size-large wp-image-995106\" alt=\"\" srcset=\"https:\/\/zamorano.edu\/wp-content\/uploads\/2024\/07\/informe_2020_movil.png 506w, https:\/\/zamorano.edu\/wp-content\/uploads\/2024\/07\/informe_2020_movil-232x300.png 232w, https:\/\/zamorano.edu\/wp-content\/uploads\/2024\/07\/informe_2020_movil-9x12.png 9w\" sizes=\"(max-width: 506px) 100vw, 506px\" \/>\t\t\t\t\t\t\t\t\t\t\t\t\t\t\t<\/div>\n\t\t\t\t<\/div>\n\t\t\t\t<div class=\"elementor-element elementor-element-a9c2a9c elementor-widget elementor-widget-text-editor\" data-id=\"a9c2a9c\" data-element_type=\"widget\" data-widget_type=\"text-editor.default\">\n\t\t\t\t<div class=\"elementor-widget-container\">\n\t\t\t\t\t\t\t\t\t<p><strong>Download our 2020 Report in Spanish <a href=\"https:\/\/zamorano.edu\/wp-content\/uploads\/2024\/06\/Informe-anual-2020.pdf\" target=\"_blank\" rel=\"noopener\">here<\/a>.<\/strong><\/p>\t\t\t\t\t\t\t\t<\/div>\n\t\t\t\t<\/div>\n\t\t\t\t<\/div>\n\t\t\t\t\t<\/div>\n\t\t\t\t<\/div>\n\t\t<div class=\"elementor-element elementor-element-0f8f76c elementor-hidden-desktop e-flex e-con-boxed e-con e-parent\" data-id=\"0f8f76c\" data-element_type=\"container\">\n\t\t\t\t\t<div class=\"e-con-inner\">\n\t\t<div class=\"elementor-element elementor-element-503a4c2 e-con-full e-flex e-con e-child\" data-id=\"503a4c2\" data-element_type=\"container\">\n\t\t\t\t<div class=\"elementor-element elementor-element-f332bd5 elementor-widget elementor-widget-image\" data-id=\"f332bd5\" data-element_type=\"widget\" data-widget_type=\"image.default\">\n\t\t\t\t<div class=\"elementor-widget-container\">\n\t\t\t\t\t\t\t\t\t\t\t\t\t\t\t<img loading=\"lazy\" decoding=\"async\" width=\"509\" height=\"598\" src=\"https:\/\/zamorano.edu\/wp-content\/uploads\/2024\/07\/informe_2019_movil.png\" class=\"attachment-large size-large wp-image-995110\" alt=\"\" srcset=\"https:\/\/zamorano.edu\/wp-content\/uploads\/2024\/07\/informe_2019_movil.png 509w, https:\/\/zamorano.edu\/wp-content\/uploads\/2024\/07\/informe_2019_movil-255x300.png 255w, https:\/\/zamorano.edu\/wp-content\/uploads\/2024\/07\/informe_2019_movil-10x12.png 10w\" sizes=\"(max-width: 509px) 100vw, 509px\" \/>\t\t\t\t\t\t\t\t\t\t\t\t\t\t\t<\/div>\n\t\t\t\t<\/div>\n\t\t\t\t<div class=\"elementor-element elementor-element-0fc20e5 elementor-widget elementor-widget-text-editor\" data-id=\"0fc20e5\" data-element_type=\"widget\" data-widget_type=\"text-editor.default\">\n\t\t\t\t<div class=\"elementor-widget-container\">\n\t\t\t\t\t\t\t\t\t<p><strong>Download our 2019 Report in Spanish <a href=\"https:\/\/zamorano.edu\/wp-content\/uploads\/2024\/06\/Informe-Anual-2019.pdf\" target=\"_blank\" rel=\"noopener\">here<\/a>.<\/strong><\/p>\t\t\t\t\t\t\t\t<\/div>\n\t\t\t\t<\/div>\n\t\t\t\t<\/div>\n\t\t\t\t\t<\/div>\n\t\t\t\t<\/div>\n\t\t<div class=\"elementor-element elementor-element-2bf3da4 elementor-hidden-desktop e-flex e-con-boxed e-con e-parent\" data-id=\"2bf3da4\" data-element_type=\"container\">\n\t\t\t\t\t<div class=\"e-con-inner\">\n\t\t<div class=\"elementor-element elementor-element-987d0de e-con-full e-flex e-con e-child\" data-id=\"987d0de\" data-element_type=\"container\">\n\t\t\t\t<div class=\"elementor-element elementor-element-28028d3 elementor-widget elementor-widget-image\" data-id=\"28028d3\" data-element_type=\"widget\" data-widget_type=\"image.default\">\n\t\t\t\t<div class=\"elementor-widget-container\">\n\t\t\t\t\t\t\t\t\t\t\t\t\t\t\t<img loading=\"lazy\" decoding=\"async\" width=\"507\" height=\"717\" src=\"https:\/\/zamorano.edu\/wp-content\/uploads\/2024\/07\/informe_2018_movil.png\" class=\"attachment-large size-large wp-image-995112\" alt=\"\" srcset=\"https:\/\/zamorano.edu\/wp-content\/uploads\/2024\/07\/informe_2018_movil.png 507w, https:\/\/zamorano.edu\/wp-content\/uploads\/2024\/07\/informe_2018_movil-212x300.png 212w, https:\/\/zamorano.edu\/wp-content\/uploads\/2024\/07\/informe_2018_movil-8x12.png 8w\" sizes=\"(max-width: 507px) 100vw, 507px\" \/>\t\t\t\t\t\t\t\t\t\t\t\t\t\t\t<\/div>\n\t\t\t\t<\/div>\n\t\t\t\t<div class=\"elementor-element elementor-element-abfd2cc elementor-widget elementor-widget-text-editor\" data-id=\"abfd2cc\" data-element_type=\"widget\" data-widget_type=\"text-editor.default\">\n\t\t\t\t<div class=\"elementor-widget-container\">\n\t\t\t\t\t\t\t\t\t<p><strong>Download our 2018 Report in Spanish <a href=\"https:\/\/zamorano.edu\/wp-content\/uploads\/2024\/06\/Informe-Anual-2018-11_compressed.pdf\" target=\"_blank\" rel=\"noopener\">here<\/a>.<\/strong><\/p>\t\t\t\t\t\t\t\t<\/div>\n\t\t\t\t<\/div>\n\t\t\t\t<\/div>\n\t\t\t\t\t<\/div>\n\t\t\t\t<\/div>\n\t\t<div class=\"elementor-element elementor-element-46e1630 elementor-hidden-desktop e-flex e-con-boxed e-con e-parent\" data-id=\"46e1630\" data-element_type=\"container\">\n\t\t\t\t\t<div class=\"e-con-inner\">\n\t\t<div class=\"elementor-element elementor-element-77b3222 e-con-full e-flex e-con e-child\" data-id=\"77b3222\" data-element_type=\"container\">\n\t\t\t\t<div class=\"elementor-element elementor-element-bdfded1 elementor-widget elementor-widget-image\" data-id=\"bdfded1\" data-element_type=\"widget\" data-widget_type=\"image.default\">\n\t\t\t\t<div class=\"elementor-widget-container\">\n\t\t\t\t\t\t\t\t\t\t\t\t\t\t\t<img loading=\"lazy\" decoding=\"async\" width=\"509\" height=\"726\" src=\"https:\/\/zamorano.edu\/wp-content\/uploads\/2024\/07\/informe_2017_movil.png\" class=\"attachment-large size-large wp-image-995116\" alt=\"\" srcset=\"https:\/\/zamorano.edu\/wp-content\/uploads\/2024\/07\/informe_2017_movil.png 509w, https:\/\/zamorano.edu\/wp-content\/uploads\/2024\/07\/informe_2017_movil-210x300.png 210w, https:\/\/zamorano.edu\/wp-content\/uploads\/2024\/07\/informe_2017_movil-8x12.png 8w\" sizes=\"(max-width: 509px) 100vw, 509px\" \/>\t\t\t\t\t\t\t\t\t\t\t\t\t\t\t<\/div>\n\t\t\t\t<\/div>\n\t\t\t\t<div class=\"elementor-element elementor-element-95800a1 elementor-widget elementor-widget-text-editor\" data-id=\"95800a1\" data-element_type=\"widget\" data-widget_type=\"text-editor.default\">\n\t\t\t\t<div class=\"elementor-widget-container\">\n\t\t\t\t\t\t\t\t\t<p><strong>Download our 2017 Report in Spanish <a href=\"https:\/\/zamorano.edu\/wp-content\/uploads\/2024\/06\/Informe-Anual-2017-8_compressed.pdf\" target=\"_blank\" rel=\"noopener\">here<\/a>.<\/strong><\/p>\t\t\t\t\t\t\t\t<\/div>\n\t\t\t\t<\/div>\n\t\t\t\t<\/div>\n\t\t\t\t\t<\/div>\n\t\t\t\t<\/div>\n\t\t<div class=\"elementor-element elementor-element-87e0fc7 elementor-hidden-desktop e-flex e-con-boxed e-con e-parent\" data-id=\"87e0fc7\" data-element_type=\"container\">\n\t\t\t\t\t<div class=\"e-con-inner\">\n\t\t<div class=\"elementor-element elementor-element-ca1fc49 e-con-full e-flex e-con e-child\" data-id=\"ca1fc49\" data-element_type=\"container\">\n\t\t\t\t<div class=\"elementor-element elementor-element-9ede29a elementor-widget elementor-widget-image\" data-id=\"9ede29a\" data-element_type=\"widget\" data-widget_type=\"image.default\">\n\t\t\t\t<div class=\"elementor-widget-container\">\n\t\t\t\t\t\t\t\t\t\t\t\t\t\t\t<img loading=\"lazy\" decoding=\"async\" width=\"475\" height=\"657\" src=\"https:\/\/zamorano.edu\/wp-content\/uploads\/2024\/07\/informe_2016_movil.png\" class=\"attachment-large size-large wp-image-995118\" alt=\"\" srcset=\"https:\/\/zamorano.edu\/wp-content\/uploads\/2024\/07\/informe_2016_movil.png 475w, https:\/\/zamorano.edu\/wp-content\/uploads\/2024\/07\/informe_2016_movil-217x300.png 217w, https:\/\/zamorano.edu\/wp-content\/uploads\/2024\/07\/informe_2016_movil-9x12.png 9w\" sizes=\"(max-width: 475px) 100vw, 475px\" \/>\t\t\t\t\t\t\t\t\t\t\t\t\t\t\t<\/div>\n\t\t\t\t<\/div>\n\t\t\t\t<div class=\"elementor-element elementor-element-fdd595f elementor-widget elementor-widget-text-editor\" data-id=\"fdd595f\" data-element_type=\"widget\" data-widget_type=\"text-editor.default\">\n\t\t\t\t<div class=\"elementor-widget-container\">\n\t\t\t\t\t\t\t\t\t<p><strong>Download our 2016 Report in Spanish <a href=\"https:\/\/zamorano.edu\/wp-content\/uploads\/2024\/06\/Informe-Anual-2016.pdf\" target=\"_blank\" rel=\"noopener\">here<\/a>.<\/strong><\/p>\t\t\t\t\t\t\t\t<\/div>\n\t\t\t\t<\/div>\n\t\t\t\t<\/div>\n\t\t\t\t\t<\/div>\n\t\t\t\t<\/div>\n\t\t<div class=\"elementor-element elementor-element-c77459a elementor-hidden-desktop e-flex e-con-boxed e-con e-parent\" data-id=\"c77459a\" data-element_type=\"container\">\n\t\t\t\t\t<div class=\"e-con-inner\">\n\t\t<div class=\"elementor-element elementor-element-faf0bb3 e-con-full e-flex e-con e-child\" data-id=\"faf0bb3\" data-element_type=\"container\">\n\t\t\t\t<div class=\"elementor-element elementor-element-22ef1c3 elementor-widget elementor-widget-image\" data-id=\"22ef1c3\" data-element_type=\"widget\" data-widget_type=\"image.default\">\n\t\t\t\t<div class=\"elementor-widget-container\">\n\t\t\t\t\t\t\t\t\t\t\t\t\t\t\t<img loading=\"lazy\" decoding=\"async\" width=\"472\" height=\"649\" src=\"https:\/\/zamorano.edu\/wp-content\/uploads\/2024\/07\/informe_2015_movil.png\" class=\"attachment-large size-large wp-image-995119\" alt=\"\" srcset=\"https:\/\/zamorano.edu\/wp-content\/uploads\/2024\/07\/informe_2015_movil.png 472w, https:\/\/zamorano.edu\/wp-content\/uploads\/2024\/07\/informe_2015_movil-218x300.png 218w, https:\/\/zamorano.edu\/wp-content\/uploads\/2024\/07\/informe_2015_movil-9x12.png 9w\" sizes=\"(max-width: 472px) 100vw, 472px\" \/>\t\t\t\t\t\t\t\t\t\t\t\t\t\t\t<\/div>\n\t\t\t\t<\/div>\n\t\t\t\t<div class=\"elementor-element elementor-element-aa325ce elementor-widget elementor-widget-text-editor\" data-id=\"aa325ce\" data-element_type=\"widget\" data-widget_type=\"text-editor.default\">\n\t\t\t\t<div class=\"elementor-widget-container\">\n\t\t\t\t\t\t\t\t\t<p><strong>Download our 2015 Report in Spanish <a href=\"https:\/\/zamorano.edu\/wp-content\/uploads\/2024\/06\/Informe-Anual-2015.pdf\" target=\"_blank\" rel=\"noopener\">here<\/a>.<\/strong><\/p>\t\t\t\t\t\t\t\t<\/div>\n\t\t\t\t<\/div>\n\t\t\t\t<\/div>\n\t\t\t\t\t<\/div>\n\t\t\t\t<\/div>\n\t\t<div class=\"elementor-element elementor-element-68f5122 e-flex e-con-boxed e-con e-parent\" data-id=\"68f5122\" data-element_type=\"container\">\n\t\t\t\t\t<div class=\"e-con-inner\">\n\t\t\t\t\t<\/div>\n\t\t\t\t<\/div>\n\t\t\t\t<\/div>","protected":false},"excerpt":{"rendered":"<p>\u00a0 \u00a0 \u00a0 \u00a0 \u00a0 \u00a0 \u00a0 \u00a0 \u00a0 Descarga nuestro Informe 2023 aqu\u00ed. Descarga nuestro Informe 2022 aqu\u00ed. Descarga nuestro Informe 2021 aqu\u00ed. Descarga nuestro Informe 2020 aqu\u00ed. Descarga nuestro Informe 2019 aqu\u00ed. Descarga nuestro Informe 2018 aqu\u00ed. Descarga nuestro Informe 2017 aqu\u00ed. Descarga nuestro Informe 2016 aqu\u00ed. Descarga nuestro Informe 2015 aqu\u00ed.<\/p>","protected":false},"author":1,"featured_media":0,"parent":0,"menu_order":0,"comment_status":"closed","ping_status":"closed","template":"","meta":{"content-type":"","inline_featured_image":false,"footnotes":""},"class_list":["post-994001","page","type-page","status-publish","hentry"],"_links":{"self":[{"href":"https:\/\/zamorano.edu\/en\/wp-json\/wp\/v2\/pages\/994001","targetHints":{"allow":["GET"]}}],"collection":[{"href":"https:\/\/zamorano.edu\/en\/wp-json\/wp\/v2\/pages"}],"about":[{"href":"https:\/\/zamorano.edu\/en\/wp-json\/wp\/v2\/types\/page"}],"author":[{"embeddable":true,"href":"https:\/\/zamorano.edu\/en\/wp-json\/wp\/v2\/users\/1"}],"replies":[{"embeddable":true,"href":"https:\/\/zamorano.edu\/en\/wp-json\/wp\/v2\/comments?post=994001"}],"version-history":[{"count":29,"href":"https:\/\/zamorano.edu\/en\/wp-json\/wp\/v2\/pages\/994001\/revisions"}],"predecessor-version":[{"id":996158,"href":"https:\/\/zamorano.edu\/en\/wp-json\/wp\/v2\/pages\/994001\/revisions\/996158"}],"wp:attachment":[{"href":"https:\/\/zamorano.edu\/en\/wp-json\/wp\/v2\/media?parent=994001"}],"curies":[{"name":"wp","href":"https:\/\/api.w.org\/{rel}","templated":true}]}}