{"id":992024,"date":"2024-05-09T18:12:10","date_gmt":"2024-05-09T18:12:10","guid":{"rendered":"https:\/\/zamorano.edu\/?page_id=992024"},"modified":"2024-06-07T21:58:52","modified_gmt":"2024-06-07T21:58:52","slug":"terminos-y-condiciones","status":"publish","type":"page","link":"https:\/\/zamorano.edu\/en\/terminos-y-condiciones\/","title":{"rendered":"Terms and Conditions"},"content":{"rendered":"<div data-elementor-type=\"wp-page\" data-elementor-id=\"992024\" class=\"elementor elementor-992024\" data-elementor-post-type=\"page\">\n\t\t\t\t\t\t<section class=\"elementor-section elementor-top-section elementor-element elementor-element-6afb74c8 elementor-section-height-min-height elementor-section-boxed elementor-section-height-default elementor-section-items-middle\" data-id=\"6afb74c8\" data-element_type=\"section\" data-settings=\"{&quot;background_background&quot;:&quot;classic&quot;}\">\n\t\t\t\t\t\t\t<div class=\"elementor-background-overlay\"><\/div>\n\t\t\t\t\t\t\t<div class=\"elementor-container elementor-column-gap-default\">\n\t\t\t\t\t<div class=\"elementor-column elementor-col-100 elementor-top-column elementor-element elementor-element-7799d761\" data-id=\"7799d761\" data-element_type=\"column\" data-settings=\"{&quot;background_background&quot;:&quot;classic&quot;}\">\n\t\t\t<div class=\"elementor-widget-wrap\">\n\t\t\t\t\t\t\t<\/div>\n\t\t<\/div>\n\t\t\t\t\t<\/div>\n\t\t<\/section>\n\t\t\t\t<section class=\"elementor-section elementor-top-section elementor-element elementor-element-6a0129c elementor-section-boxed elementor-section-height-default elementor-section-height-default\" data-id=\"6a0129c\" data-element_type=\"section\">\n\t\t\t\t\t\t<div class=\"elementor-container elementor-column-gap-no\">\n\t\t\t\t\t<div class=\"elementor-column elementor-col-50 elementor-top-column elementor-element elementor-element-510164d animated-fast elementor-invisible\" data-id=\"510164d\" data-element_type=\"column\" data-settings=\"{&quot;background_background&quot;:&quot;classic&quot;,&quot;animation&quot;:&quot;fadeIn&quot;,&quot;animation_tablet&quot;:&quot;none&quot;,&quot;animation_mobile&quot;:&quot;none&quot;,&quot;animation_delay&quot;:100}\">\n\t\t\t<div class=\"elementor-widget-wrap elementor-element-populated\">\n\t\t\t\t\t\t\t<\/div>\n\t\t<\/div>\n\t\t\t\t<div class=\"elementor-column elementor-col-50 elementor-top-column elementor-element elementor-element-6c02700 elementor-hidden-desktop elementor-hidden-tablet elementor-hidden-phone\" data-id=\"6c02700\" data-element_type=\"column\">\n\t\t\t<div class=\"elementor-widget-wrap\">\n\t\t\t\t\t\t\t<\/div>\n\t\t<\/div>\n\t\t\t\t\t<\/div>\n\t\t<\/section>\n\t\t<div class=\"elementor-element elementor-element-86a7f45 e-flex e-con-boxed e-con e-parent\" data-id=\"86a7f45\" data-element_type=\"container\">\n\t\t\t\t\t<div class=\"e-con-inner\">\n\t\t\t\t<div class=\"elementor-element elementor-element-c2acdc6 elementor-widget elementor-widget-spacer\" data-id=\"c2acdc6\" data-element_type=\"widget\" data-widget_type=\"spacer.default\">\n\t\t\t\t<div class=\"elementor-widget-container\">\n\t\t\t\t\t\t\t<div class=\"elementor-spacer\">\n\t\t\t<div class=\"elementor-spacer-inner\"><\/div>\n\t\t<\/div>\n\t\t\t\t\t\t<\/div>\n\t\t\t\t<\/div>\n\t\t\t\t\t<\/div>\n\t\t\t\t<\/div>\n\t\t<div class=\"elementor-element elementor-element-30fe402 e-flex e-con-boxed e-con e-parent\" data-id=\"30fe402\" data-element_type=\"container\">\n\t\t\t\t\t<div class=\"e-con-inner\">\n\t\t\t\t<div class=\"elementor-element elementor-element-ec0127e elementor-widget elementor-widget-text-editor\" data-id=\"ec0127e\" data-element_type=\"widget\" data-widget_type=\"text-editor.default\">\n\t\t\t\t<div class=\"elementor-widget-container\">\n\t\t\t\t\t\t\t\t\t<p>Les damos la bienvenida a nuestro sitio web. Por favor, revise los siguientes &#8220;T\u00e9rminos y condiciones&#8221; que rigen el uso del sitio web al momento de su compra. Al utilizarlo para su compra, significa que usted y otras personas que realicen compras con su cuenta han le\u00eddo, entendido y aceptado en su totalidad los t\u00e9rminos y condiciones establecidos y, por consiguiente, asumen la obligaci\u00f3n de respetar el contenido, la pol\u00edtica de privacidad, las notificaciones legales y todas las cl\u00e1usulas de exenci\u00f3n de responsabilidad que figuran en el mismo.<br \/>Aquellas personas que ingresen al sitio web podr\u00e1n realizar compras sujet\u00e1ndose a los t\u00e9rminos y condiciones vigentes, con la condici\u00f3n de que los productos ser\u00e1n entregados en la direcci\u00f3n suministrada por el usuario.<br \/>Los &#8220;T\u00e9rminos y condiciones&#8221; est\u00e1n sujetos a actualizaciones sin previo aviso y, a partir de la fecha de modificaci\u00f3n, todas las operaciones se regir\u00e1n por el documento actualizado. Por favor, revise regularmente los mismos por cualquier cambio.<\/p>\t\t\t\t\t\t\t\t<\/div>\n\t\t\t\t<\/div>\n\t\t\t\t\t<\/div>\n\t\t\t\t<\/div>\n\t\t<div class=\"elementor-element elementor-element-1f85338 e-flex e-con-boxed e-con e-parent\" data-id=\"1f85338\" data-element_type=\"container\">\n\t\t\t\t\t<div class=\"e-con-inner\">\n\t\t\t\t<div class=\"elementor-element elementor-element-581ce15 elementor-widget elementor-widget-heading\" data-id=\"581ce15\" data-element_type=\"widget\" data-widget_type=\"heading.default\">\n\t\t\t\t<div class=\"elementor-widget-container\">\n\t\t\t\t\t<h2 class=\"elementor-heading-title elementor-size-default\">Uso de datos<\/h2>\t\t\t\t<\/div>\n\t\t\t\t<\/div>\n\t\t\t\t\t<\/div>\n\t\t\t\t<\/div>\n\t\t<div class=\"elementor-element elementor-element-e5f9d37 e-flex e-con-boxed e-con e-parent\" data-id=\"e5f9d37\" data-element_type=\"container\">\n\t\t\t\t\t<div class=\"e-con-inner\">\n\t\t\t\t<div class=\"elementor-element elementor-element-a780bba elementor-widget elementor-widget-text-editor\" data-id=\"a780bba\" data-element_type=\"widget\" data-widget_type=\"text-editor.default\">\n\t\t\t\t<div class=\"elementor-widget-container\">\n\t\t\t\t\t\t\t\t\t<p>Los datos ingresados por la persona usuaria, que incluyan n\u00famero de tel\u00e9fono o celular, direcci\u00f3n de correo electr\u00f3nico, n\u00famero de identidad o alg\u00fan otro documento de identificaci\u00f3n, informaci\u00f3n de la tarjeta de cr\u00e9dito, ser\u00e1n usados con la finalidad de validar los pedidos que realice a trav\u00e9s del sitio; en ning\u00fan momento se compartir\u00e1n con terceras personas.<br \/>Al aceptar los t\u00e9rminos y condiciones, cada persona autoriza que sus datos puedan ser utilizados con el fin de recibir informaci\u00f3n acerca de nuestros productos, ofertas, promociones, entre otros. Dicha comunicaci\u00f3n podr\u00e1 ser a trav\u00e9s de correo electr\u00f3nico, plataformas de mensajer\u00eda, mensajes de texto o llamadas telef\u00f3nicas.<\/p>\t\t\t\t\t\t\t\t<\/div>\n\t\t\t\t<\/div>\n\t\t\t\t\t<\/div>\n\t\t\t\t<\/div>\n\t\t<div class=\"elementor-element elementor-element-0f3cd7a e-flex e-con-boxed e-con e-parent\" data-id=\"0f3cd7a\" data-element_type=\"container\">\n\t\t\t\t\t<div class=\"e-con-inner\">\n\t\t\t\t<div class=\"elementor-element elementor-element-4f2ce87 elementor-widget elementor-widget-heading\" data-id=\"4f2ce87\" data-element_type=\"widget\" data-widget_type=\"heading.default\">\n\t\t\t\t<div class=\"elementor-widget-container\">\n\t\t\t\t\t<h2 class=\"elementor-heading-title elementor-size-default\">Derechos de personas usuarias<\/h2>\t\t\t\t<\/div>\n\t\t\t\t<\/div>\n\t\t\t\t\t<\/div>\n\t\t\t\t<\/div>\n\t\t<div class=\"elementor-element elementor-element-b922591 e-flex e-con-boxed e-con e-parent\" data-id=\"b922591\" data-element_type=\"container\">\n\t\t\t\t\t<div class=\"e-con-inner\">\n\t\t\t\t<div class=\"elementor-element elementor-element-6fbd3e6 elementor-widget elementor-widget-text-editor\" data-id=\"6fbd3e6\" data-element_type=\"widget\" data-widget_type=\"text-editor.default\">\n\t\t\t\t<div class=\"elementor-widget-container\">\n\t\t\t\t\t\t\t\t\t<p>Cada persona usuaria gozar\u00e1 de todos los derechos que le reconoce la legislaci\u00f3n hondure\u00f1a en cuanto a protecci\u00f3n al consumidor. Cada persona dispondr\u00e1 en todo momento de los derechos de informaci\u00f3n y rectificaci\u00f3n de los datos personales. El ingreso al sitio web no impone a la persona usuaria obligaci\u00f3n alguna, a menos que haya aceptado las condiciones ofrecidas por la empresa, en la forma indicada en estos t\u00e9rminos y condiciones.<\/p>\t\t\t\t\t\t\t\t<\/div>\n\t\t\t\t<\/div>\n\t\t\t\t\t<\/div>\n\t\t\t\t<\/div>\n\t\t<div class=\"elementor-element elementor-element-ed8d602 e-flex e-con-boxed e-con e-parent\" data-id=\"ed8d602\" data-element_type=\"container\">\n\t\t\t\t\t<div class=\"e-con-inner\">\n\t\t\t\t<div class=\"elementor-element elementor-element-df133be elementor-widget elementor-widget-spacer\" data-id=\"df133be\" data-element_type=\"widget\" data-widget_type=\"spacer.default\">\n\t\t\t\t<div class=\"elementor-widget-container\">\n\t\t\t\t\t\t\t<div class=\"elementor-spacer\">\n\t\t\t<div class=\"elementor-spacer-inner\"><\/div>\n\t\t<\/div>\n\t\t\t\t\t\t<\/div>\n\t\t\t\t<\/div>\n\t\t\t\t\t<\/div>\n\t\t\t\t<\/div>\n\t\t\t\t<\/div>","protected":false},"excerpt":{"rendered":"<p>Les damos la bienvenida a nuestro sitio web. Por favor, revise los siguientes &#8220;T\u00e9rminos y condiciones&#8221; que rigen el uso del sitio web al momento de su compra. Al utilizarlo para su compra, significa que usted y otras personas que realicen compras con su cuenta han le\u00eddo, entendido y aceptado en su totalidad los t\u00e9rminos&#8230;<\/p>","protected":false},"author":1,"featured_media":0,"parent":0,"menu_order":0,"comment_status":"closed","ping_status":"closed","template":"","meta":{"content-type":"","inline_featured_image":false,"footnotes":""},"class_list":["post-992024","page","type-page","status-publish","hentry"],"_links":{"self":[{"href":"https:\/\/zamorano.edu\/en\/wp-json\/wp\/v2\/pages\/992024","targetHints":{"allow":["GET"]}}],"collection":[{"href":"https:\/\/zamorano.edu\/en\/wp-json\/wp\/v2\/pages"}],"about":[{"href":"https:\/\/zamorano.edu\/en\/wp-json\/wp\/v2\/types\/page"}],"author":[{"embeddable":true,"href":"https:\/\/zamorano.edu\/en\/wp-json\/wp\/v2\/users\/1"}],"replies":[{"embeddable":true,"href":"https:\/\/zamorano.edu\/en\/wp-json\/wp\/v2\/comments?post=992024"}],"version-history":[{"count":16,"href":"https:\/\/zamorano.edu\/en\/wp-json\/wp\/v2\/pages\/992024\/revisions"}],"predecessor-version":[{"id":993824,"href":"https:\/\/zamorano.edu\/en\/wp-json\/wp\/v2\/pages\/992024\/revisions\/993824"}],"wp:attachment":[{"href":"https:\/\/zamorano.edu\/en\/wp-json\/wp\/v2\/media?parent=992024"}],"curies":[{"name":"wp","href":"https:\/\/api.w.org\/{rel}","templated":true}]}}